{"id":237,"date":"2023-05-30T00:09:32","date_gmt":"2023-05-30T00:09:32","guid":{"rendered":"https:\/\/beesworking.company\/?page_id=237"},"modified":"2023-05-30T15:29:04","modified_gmt":"2023-05-30T15:29:04","slug":"plomeria","status":"publish","type":"page","link":"https:\/\/beesworking.company\/index.php\/plomeria\/","title":{"rendered":"Plomer\u00eda"},"content":{"rendered":"\n<div class=\"wp-block-media-text alignwide is-stacked-on-mobile is-vertically-aligned-center\"><figure class=\"wp-block-media-text__media\"><img loading=\"lazy\" decoding=\"async\" width=\"684\" height=\"1024\" src=\"https:\/\/beesworking.company\/wp-content\/uploads\/2023\/05\/pexels-ksenia-chernaya-5691486-684x1024.jpg\" alt=\"\" class=\"wp-image-238 size-full\" srcset=\"https:\/\/beesworking.company\/wp-content\/uploads\/2023\/05\/pexels-ksenia-chernaya-5691486-684x1024.jpg 684w, https:\/\/beesworking.company\/wp-content\/uploads\/2023\/05\/pexels-ksenia-chernaya-5691486-200x300.jpg 200w, https:\/\/beesworking.company\/wp-content\/uploads\/2023\/05\/pexels-ksenia-chernaya-5691486-768x1150.jpg 768w, https:\/\/beesworking.company\/wp-content\/uploads\/2023\/05\/pexels-ksenia-chernaya-5691486-1026x1536.jpg 1026w, https:\/\/beesworking.company\/wp-content\/uploads\/2023\/05\/pexels-ksenia-chernaya-5691486-1170x1752.jpg 1170w, https:\/\/beesworking.company\/wp-content\/uploads\/2023\/05\/pexels-ksenia-chernaya-5691486.jpg 1280w\" sizes=\"auto, (max-width: 684px) 100vw, 684px\" \/><\/figure><div class=\"wp-block-media-text__content\">\n<p class=\"has-text-align-right\">\u00bfTienes desperfectos en casa? <\/p>\n\n\n\n<p class=\"has-text-align-right\">\u00bfEst\u00e1 goteando alguna tuber\u00eda? <\/p>\n\n\n\n<p class=\"has-text-align-right\">\u00bfSe tap\u00f3 alg\u00fan desag\u00fce? &nbsp;<\/p>\n\n\n\n<p class=\"has-text-align-right\">\u00bfRequieres una nueva instalaci\u00f3n o mover de lugar la que tienes? <\/p>\n\n\n\n<p class=\"has-text-align-right\">Nuestros t\u00e9cnicos te sacar\u00e1n del problema en un tiempo r\u00e9cord. <\/p>\n\n\n\n<p class=\"has-text-align-right\">Contamos con un equipo de expertos profesionales en plomer\u00eda y gas para dar soluci\u00f3n a cualquier problema que tengas en el hogar.<\/p>\n\n\n\n<p class=\"has-text-align-right\">No permitas que se deteriore tu casa, ll\u00e1manos ahora!<\/p>\n<\/div><\/div>\n\n\n\n<div class=\"wp-block-buttons is-content-justification-right is-layout-flex wp-container-core-buttons-is-layout-d445cf74 wp-block-buttons-is-layout-flex\">\n<div class=\"wp-block-button is-style-ona-button-arrow-icon\"><a class=\"wp-block-button__link wp-element-button\" href=\"https:\/\/beesworking.company\/\" style=\"border-radius:100px\">Home<\/a><\/div>\n<\/div>\n","protected":false},"excerpt":{"rendered":"<p>\u00bfTienes desperfectos en casa? \u00bfEst\u00e1 goteando alguna tuber\u00eda? \u00bfSe tap\u00f3 alg\u00fan desag\u00fce? &nbsp; \u00bfRequieres una nueva instalaci\u00f3n o mover de lugar la que tienes? Nuestros t\u00e9cnicos te sacar\u00e1n del problema en un tiempo r\u00e9cord. Contamos con un equipo de expertos profesionales en plomer\u00eda y gas para dar soluci\u00f3n a cualquier problema que tengas en el [&hellip;]<\/p>\n","protected":false},"author":1,"featured_media":0,"parent":0,"menu_order":0,"comment_status":"closed","ping_status":"closed","template":"","meta":{"footnotes":""},"class_list":["post-237","page","type-page","status-publish","hentry"],"_links":{"self":[{"href":"https:\/\/beesworking.company\/index.php\/wp-json\/wp\/v2\/pages\/237","targetHints":{"allow":["GET"]}}],"collection":[{"href":"https:\/\/beesworking.company\/index.php\/wp-json\/wp\/v2\/pages"}],"about":[{"href":"https:\/\/beesworking.company\/index.php\/wp-json\/wp\/v2\/types\/page"}],"author":[{"embeddable":true,"href":"https:\/\/beesworking.company\/index.php\/wp-json\/wp\/v2\/users\/1"}],"replies":[{"embeddable":true,"href":"https:\/\/beesworking.company\/index.php\/wp-json\/wp\/v2\/comments?post=237"}],"version-history":[{"count":4,"href":"https:\/\/beesworking.company\/index.php\/wp-json\/wp\/v2\/pages\/237\/revisions"}],"predecessor-version":[{"id":270,"href":"https:\/\/beesworking.company\/index.php\/wp-json\/wp\/v2\/pages\/237\/revisions\/270"}],"wp:attachment":[{"href":"https:\/\/beesworking.company\/index.php\/wp-json\/wp\/v2\/media?parent=237"}],"curies":[{"name":"wp","href":"https:\/\/api.w.org\/{rel}","templated":true}]}}