{"id":233,"date":"2023-05-29T23:43:10","date_gmt":"2023-05-29T23:43:10","guid":{"rendered":"https:\/\/beesworking.company\/?page_id=233"},"modified":"2023-05-31T18:59:56","modified_gmt":"2023-05-31T18:59:56","slug":"albanileria-2","status":"publish","type":"page","link":"https:\/\/beesworking.company\/index.php\/albanileria-2\/","title":{"rendered":"Alba\u00f1iler\u00eda"},"content":{"rendered":"\n<div class=\"wp-block-media-text alignwide is-stacked-on-mobile\"><figure class=\"wp-block-media-text__media\"><img loading=\"lazy\" decoding=\"async\" width=\"772\" height=\"1024\" src=\"https:\/\/beesworking.company\/wp-content\/uploads\/2023\/05\/building-3215584_1920-772x1024.jpg\" alt=\"\" class=\"wp-image-234 size-full\" srcset=\"https:\/\/beesworking.company\/wp-content\/uploads\/2023\/05\/building-3215584_1920-772x1024.jpg 772w, https:\/\/beesworking.company\/wp-content\/uploads\/2023\/05\/building-3215584_1920-226x300.jpg 226w, https:\/\/beesworking.company\/wp-content\/uploads\/2023\/05\/building-3215584_1920-768x1019.jpg 768w, https:\/\/beesworking.company\/wp-content\/uploads\/2023\/05\/building-3215584_1920-1158x1536.jpg 1158w, https:\/\/beesworking.company\/wp-content\/uploads\/2023\/05\/building-3215584_1920-1170x1552.jpg 1170w, https:\/\/beesworking.company\/wp-content\/uploads\/2023\/05\/building-3215584_1920.jpg 1447w\" sizes=\"auto, (max-width: 772px) 100vw, 772px\" \/><\/figure><div class=\"wp-block-media-text__content\">\n<p class=\"has-text-align-right\">\u00bfC\u00f3mo se ver\u00eda tu hogar con algunos hermosos detalles en piedra y ladrillo? <\/p>\n\n\n\n<p class=\"has-text-align-right\">\u00a1Cuando dejamos libre la imaginaci\u00f3n podemos realizar grandes cosas en las obras de construcci\u00f3n!<\/p>\n\n\n\n<p class=\"has-text-align-right\">\u00a1La alba\u00f1iler\u00eda es un arte!<\/p>\n\n\n\n<p class=\"has-text-align-right\">Nuestro personal  es muy profesional y experimentado en trabajos de creaciones \u00fanicas con \u00a0de hermosos detalles en piedra y ladrillo que dar\u00e1n a tu hogar ese toque especial que est\u00e1s buscando.<\/p>\n\n\n\n<p class=\"has-text-align-right\">\u00bfTienes ideas creativas? <\/p>\n\n\n\n<p class=\"has-text-align-right\"> Materializa tus ideas.<\/p>\n\n\n\n<p class=\"has-text-align-right\"> Cont\u00e1ctanos hoy mismo.<\/p>\n<\/div><\/div>\n\n\n\n<div class=\"wp-block-buttons is-content-justification-right is-layout-flex wp-container-core-buttons-is-layout-d445cf74 wp-block-buttons-is-layout-flex\">\n<div class=\"wp-block-button is-style-ona-button-arrow-icon\"><a class=\"wp-block-button__link wp-element-button\" href=\"https:\/\/beesworking.company\/\" style=\"border-radius:100px\">Home<\/a><\/div>\n<\/div>\n","protected":false},"excerpt":{"rendered":"<p>\u00bfC\u00f3mo se ver\u00eda tu hogar con algunos hermosos detalles en piedra y ladrillo? \u00a1Cuando dejamos libre la imaginaci\u00f3n podemos realizar grandes cosas en las obras de construcci\u00f3n! \u00a1La alba\u00f1iler\u00eda es un arte! Nuestro personal es muy profesional y experimentado en trabajos de creaciones \u00fanicas con \u00a0de hermosos detalles en piedra y ladrillo que dar\u00e1n a [&hellip;]<\/p>\n","protected":false},"author":1,"featured_media":0,"parent":0,"menu_order":0,"comment_status":"closed","ping_status":"closed","template":"","meta":{"footnotes":""},"class_list":["post-233","page","type-page","status-publish","hentry"],"_links":{"self":[{"href":"https:\/\/beesworking.company\/index.php\/wp-json\/wp\/v2\/pages\/233","targetHints":{"allow":["GET"]}}],"collection":[{"href":"https:\/\/beesworking.company\/index.php\/wp-json\/wp\/v2\/pages"}],"about":[{"href":"https:\/\/beesworking.company\/index.php\/wp-json\/wp\/v2\/types\/page"}],"author":[{"embeddable":true,"href":"https:\/\/beesworking.company\/index.php\/wp-json\/wp\/v2\/users\/1"}],"replies":[{"embeddable":true,"href":"https:\/\/beesworking.company\/index.php\/wp-json\/wp\/v2\/comments?post=233"}],"version-history":[{"count":4,"href":"https:\/\/beesworking.company\/index.php\/wp-json\/wp\/v2\/pages\/233\/revisions"}],"predecessor-version":[{"id":375,"href":"https:\/\/beesworking.company\/index.php\/wp-json\/wp\/v2\/pages\/233\/revisions\/375"}],"wp:attachment":[{"href":"https:\/\/beesworking.company\/index.php\/wp-json\/wp\/v2\/media?parent=233"}],"curies":[{"name":"wp","href":"https:\/\/api.w.org\/{rel}","templated":true}]}}