{"id":229,"date":"2023-05-29T23:19:58","date_gmt":"2023-05-29T23:19:58","guid":{"rendered":"https:\/\/beesworking.company\/?page_id=229"},"modified":"2023-05-30T15:26:41","modified_gmt":"2023-05-30T15:26:41","slug":"pintura","status":"publish","type":"page","link":"https:\/\/beesworking.company\/index.php\/pintura\/","title":{"rendered":"Pintura"},"content":{"rendered":"\n<div class=\"wp-block-media-text alignwide is-stacked-on-mobile\"><figure class=\"wp-block-media-text__media\"><img loading=\"lazy\" decoding=\"async\" width=\"765\" height=\"1024\" src=\"https:\/\/beesworking.company\/wp-content\/uploads\/2023\/05\/house-2086951_1920-765x1024.jpg\" alt=\"\" class=\"wp-image-230 size-full\" srcset=\"https:\/\/beesworking.company\/wp-content\/uploads\/2023\/05\/house-2086951_1920-765x1024.jpg 765w, https:\/\/beesworking.company\/wp-content\/uploads\/2023\/05\/house-2086951_1920-224x300.jpg 224w, https:\/\/beesworking.company\/wp-content\/uploads\/2023\/05\/house-2086951_1920-768x1028.jpg 768w, https:\/\/beesworking.company\/wp-content\/uploads\/2023\/05\/house-2086951_1920-1147x1536.jpg 1147w, https:\/\/beesworking.company\/wp-content\/uploads\/2023\/05\/house-2086951_1920-1170x1567.jpg 1170w, https:\/\/beesworking.company\/wp-content\/uploads\/2023\/05\/house-2086951_1920.jpg 1434w\" sizes=\"auto, (max-width: 765px) 100vw, 765px\" \/><\/figure><div class=\"wp-block-media-text__content\">\n<p>\u00bfEst\u00e1s buscando darle un nuevo aire a tu hogar u oficina con una capa fresca de pintura? <\/p>\n\n\n\n<p>\u00bfQuieres transformar tus espacios en lugares llenos de vida y color? <\/p>\n\n\n\n<p>Tenemos toda un \u00e1rea dedicada para atender de manera profesional cada una de tus necesidades de pintura en interiores y exteriores  con acabados perfectos para cada espacio.<\/p>\n\n\n\n<p>Cada color tiene su propia personalidad y puede evocar diferentes emociones en nosotros. <\/p>\n\n\n\n<p>El rojo nos llena de pasi\u00f3n y energ\u00eda, el azul nos calma y nos relaja, el amarillo nos llena de alegr\u00eda y optimismo. <\/p>\n\n\n\n<p>Los colores pueden transformar un espacio y darle vida y personalidad. Son una herramienta poderosa para expresarnos y mostrar al mundo qui\u00e9nes somos. . <\/p>\n\n\n\n<p>Cont\u00e1ctanos hoy mismo, el color es una fuente inagotable de inspiraci\u00f3n y belleza<\/p>\n<\/div><\/div>\n\n\n\n<div class=\"wp-block-buttons is-content-justification-right is-layout-flex wp-container-core-buttons-is-layout-d445cf74 wp-block-buttons-is-layout-flex\">\n<div class=\"wp-block-button is-style-ona-button-arrow-icon\"><a class=\"wp-block-button__link wp-element-button\" href=\"https:\/\/beesworking.company\/\" style=\"border-radius:100px\">Home<\/a><\/div>\n<\/div>\n","protected":false},"excerpt":{"rendered":"<p>\u00bfEst\u00e1s buscando darle un nuevo aire a tu hogar u oficina con una capa fresca de pintura? \u00bfQuieres transformar tus espacios en lugares llenos de vida y color? Tenemos toda un \u00e1rea dedicada para atender de manera profesional cada una de tus necesidades de pintura en interiores y exteriores con acabados perfectos para cada espacio. [&hellip;]<\/p>\n","protected":false},"author":1,"featured_media":0,"parent":0,"menu_order":0,"comment_status":"closed","ping_status":"closed","template":"","meta":{"footnotes":""},"class_list":["post-229","page","type-page","status-publish","hentry"],"_links":{"self":[{"href":"https:\/\/beesworking.company\/index.php\/wp-json\/wp\/v2\/pages\/229","targetHints":{"allow":["GET"]}}],"collection":[{"href":"https:\/\/beesworking.company\/index.php\/wp-json\/wp\/v2\/pages"}],"about":[{"href":"https:\/\/beesworking.company\/index.php\/wp-json\/wp\/v2\/types\/page"}],"author":[{"embeddable":true,"href":"https:\/\/beesworking.company\/index.php\/wp-json\/wp\/v2\/users\/1"}],"replies":[{"embeddable":true,"href":"https:\/\/beesworking.company\/index.php\/wp-json\/wp\/v2\/comments?post=229"}],"version-history":[{"count":2,"href":"https:\/\/beesworking.company\/index.php\/wp-json\/wp\/v2\/pages\/229\/revisions"}],"predecessor-version":[{"id":268,"href":"https:\/\/beesworking.company\/index.php\/wp-json\/wp\/v2\/pages\/229\/revisions\/268"}],"wp:attachment":[{"href":"https:\/\/beesworking.company\/index.php\/wp-json\/wp\/v2\/media?parent=229"}],"curies":[{"name":"wp","href":"https:\/\/api.w.org\/{rel}","templated":true}]}}