{"id":225,"date":"2023-05-29T22:49:10","date_gmt":"2023-05-29T22:49:10","guid":{"rendered":"https:\/\/beesworking.company\/?page_id=225"},"modified":"2023-05-31T18:52:19","modified_gmt":"2023-05-31T18:52:19","slug":"acabados-3","status":"publish","type":"page","link":"https:\/\/beesworking.company\/index.php\/acabados-3\/","title":{"rendered":"Acabados"},"content":{"rendered":"\n<div class=\"wp-block-media-text alignwide is-stacked-on-mobile is-vertically-aligned-top\"><figure class=\"wp-block-media-text__media\"><img loading=\"lazy\" decoding=\"async\" width=\"758\" height=\"1024\" src=\"https:\/\/beesworking.company\/wp-content\/uploads\/2023\/05\/pexels-jean-van-der-meulen-1457847-758x1024.jpg\" alt=\"\" class=\"wp-image-226 size-full\" srcset=\"https:\/\/beesworking.company\/wp-content\/uploads\/2023\/05\/pexels-jean-van-der-meulen-1457847-758x1024.jpg 758w, https:\/\/beesworking.company\/wp-content\/uploads\/2023\/05\/pexels-jean-van-der-meulen-1457847-222x300.jpg 222w, https:\/\/beesworking.company\/wp-content\/uploads\/2023\/05\/pexels-jean-van-der-meulen-1457847-768x1037.jpg 768w, https:\/\/beesworking.company\/wp-content\/uploads\/2023\/05\/pexels-jean-van-der-meulen-1457847-1137x1536.jpg 1137w, https:\/\/beesworking.company\/wp-content\/uploads\/2023\/05\/pexels-jean-van-der-meulen-1457847-1170x1580.jpg 1170w, https:\/\/beesworking.company\/wp-content\/uploads\/2023\/05\/pexels-jean-van-der-meulen-1457847.jpg 1280w\" sizes=\"auto, (max-width: 758px) 100vw, 758px\" \/><\/figure><div class=\"wp-block-media-text__content\">\n<p class=\"has-text-align-right\">Darle un toque especial a tu hogar con hermosos acabados<\/p>\n\n\n\n<p class=\"has-text-align-right\">\u00bfQuieres vivir en una casa en con hermosos detalles? <\/p>\n\n\n\n<p class=\"has-text-align-right\">\u00a1Perm\u00edtenos asesorarte! <\/p>\n\n\n\n<p class=\"has-text-align-right\">Como expertos en acabados para el hogar  ponemos a tu disposici\u00f3n una extensa gama de cat\u00e1logos para ayudarte a elegir los mejores materiales y dise\u00f1os para cada espacio de tu hogar. <\/p>\n\n\n\n<p class=\"has-text-align-right\">Juntos crearemos un ambiente que refleje tu estilo de vida. <\/p>\n\n\n\n<p class=\"has-text-align-right\">Ver\u00e1s c\u00f3mo tu hogar se transforma en el lugar que siempre has so\u00f1ado con detalles en lugares estrat\u00e9gicos con hermosos acabados.<\/p>\n\n\n\n<p class=\"has-text-align-right\"> Cont\u00e1ctanos hoy mismo y comencemos a planear los acabados para tu hogar.<\/p>\n<\/div><\/div>\n\n\n\n<div class=\"wp-block-buttons is-content-justification-right is-layout-flex wp-container-core-buttons-is-layout-d445cf74 wp-block-buttons-is-layout-flex\">\n<div class=\"wp-block-button is-style-ona-button-arrow-icon\"><a class=\"wp-block-button__link wp-element-button\" href=\"https:\/\/beesworking.company\/\" style=\"border-radius:100px;padding-top:var(--wp--preset--spacing--20);padding-right:var(--wp--preset--spacing--30);padding-bottom:var(--wp--preset--spacing--20);padding-left:var(--wp--preset--spacing--30)\">Home<\/a><\/div>\n<\/div>\n","protected":false},"excerpt":{"rendered":"<p>Darle un toque especial a tu hogar con hermosos acabados \u00bfQuieres vivir en una casa en con hermosos detalles? \u00a1Perm\u00edtenos asesorarte! Como expertos en acabados para el hogar ponemos a tu disposici\u00f3n una extensa gama de cat\u00e1logos para ayudarte a elegir los mejores materiales y dise\u00f1os para cada espacio de tu hogar. Juntos crearemos un [&hellip;]<\/p>\n","protected":false},"author":1,"featured_media":0,"parent":0,"menu_order":0,"comment_status":"closed","ping_status":"closed","template":"","meta":{"footnotes":""},"class_list":["post-225","page","type-page","status-publish","hentry"],"_links":{"self":[{"href":"https:\/\/beesworking.company\/index.php\/wp-json\/wp\/v2\/pages\/225","targetHints":{"allow":["GET"]}}],"collection":[{"href":"https:\/\/beesworking.company\/index.php\/wp-json\/wp\/v2\/pages"}],"about":[{"href":"https:\/\/beesworking.company\/index.php\/wp-json\/wp\/v2\/types\/page"}],"author":[{"embeddable":true,"href":"https:\/\/beesworking.company\/index.php\/wp-json\/wp\/v2\/users\/1"}],"replies":[{"embeddable":true,"href":"https:\/\/beesworking.company\/index.php\/wp-json\/wp\/v2\/comments?post=225"}],"version-history":[{"count":4,"href":"https:\/\/beesworking.company\/index.php\/wp-json\/wp\/v2\/pages\/225\/revisions"}],"predecessor-version":[{"id":373,"href":"https:\/\/beesworking.company\/index.php\/wp-json\/wp\/v2\/pages\/225\/revisions\/373"}],"wp:attachment":[{"href":"https:\/\/beesworking.company\/index.php\/wp-json\/wp\/v2\/media?parent=225"}],"curies":[{"name":"wp","href":"https:\/\/api.w.org\/{rel}","templated":true}]}}