{"id":220,"date":"2023-05-29T21:33:00","date_gmt":"2023-05-29T21:33:00","guid":{"rendered":"https:\/\/beesworking.company\/?page_id=220"},"modified":"2023-05-31T18:46:20","modified_gmt":"2023-05-31T18:46:20","slug":"refacciones-2","status":"publish","type":"page","link":"https:\/\/beesworking.company\/index.php\/refacciones-2\/","title":{"rendered":"Refacciones"},"content":{"rendered":"\n<div class=\"wp-block-media-text alignwide is-stacked-on-mobile is-vertically-aligned-center\"><figure class=\"wp-block-media-text__media\"><img loading=\"lazy\" decoding=\"async\" width=\"768\" height=\"1024\" src=\"https:\/\/beesworking.company\/wp-content\/uploads\/2023\/05\/pexels-dxaxoxfz-12142829-768x1024.jpg\" alt=\"\" class=\"wp-image-221 size-full\" srcset=\"https:\/\/beesworking.company\/wp-content\/uploads\/2023\/05\/pexels-dxaxoxfz-12142829-768x1024.jpg 768w, https:\/\/beesworking.company\/wp-content\/uploads\/2023\/05\/pexels-dxaxoxfz-12142829-225x300.jpg 225w, https:\/\/beesworking.company\/wp-content\/uploads\/2023\/05\/pexels-dxaxoxfz-12142829-1152x1536.jpg 1152w, https:\/\/beesworking.company\/wp-content\/uploads\/2023\/05\/pexels-dxaxoxfz-12142829-1170x1560.jpg 1170w, https:\/\/beesworking.company\/wp-content\/uploads\/2023\/05\/pexels-dxaxoxfz-12142829.jpg 1280w\" sizes=\"auto, (max-width: 768px) 100vw, 768px\" \/><\/figure><div class=\"wp-block-media-text__content\">\n<p class=\"has-text-align-right\">\u00bfTe falta una pieza y no puedes terminar de reparar? <\/p>\n\n\n\n<p class=\"has-text-align-right\">\u00bfQuieres asegurarte de que tu casa todo funcione de manera correcta? <\/p>\n\n\n\n<p class=\"has-text-align-right\">\u00a1Perm\u00edtenos ayudarte! <\/p>\n\n\n\n<p class=\"has-text-align-right\">Bees Working tiene convenio con los principales proveedores lo que nos permite encontrar esa refacci\u00f3n que andas buscando.<\/p>\n\n\n\n<p class=\"has-text-align-right\">adem\u00e1s, nuestros t\u00e9cnicos pueden ayudarte a reparar y mejorar cualquier aspecto de tu hogar. <\/p>\n\n\n\n<p class=\"has-text-align-right\">Cuando no encuentres una refacci\u00f3n ll\u00e1manos y ahorra tiempo y esfuerzo. <\/p>\n\n\n\n<p class=\"has-text-align-right\">Es muy satisfactorio para nosotros mantener en perfecto estado tu hogar con a nuestro trabajo.<\/p>\n\n\n\n<p class=\"has-text-align-right\"> Ll\u00e1manos siempre que requieras una refacci\u00f3n para cualquier \u00e1rea de tu casa. &nbsp;<\/p>\n<\/div><\/div>\n\n\n\n<div class=\"wp-block-buttons is-content-justification-right is-layout-flex wp-container-core-buttons-is-layout-d445cf74 wp-block-buttons-is-layout-flex\">\n<div class=\"wp-block-button is-style-ona-button-arrow-icon\"><a class=\"wp-block-button__link wp-element-button\" href=\"https:\/\/beesworking.company\/\" style=\"border-radius:100px\">Home<\/a><\/div>\n<\/div>\n","protected":false},"excerpt":{"rendered":"<p>\u00bfTe falta una pieza y no puedes terminar de reparar? \u00bfQuieres asegurarte de que tu casa todo funcione de manera correcta? \u00a1Perm\u00edtenos ayudarte! Bees Working tiene convenio con los principales proveedores lo que nos permite encontrar esa refacci\u00f3n que andas buscando. adem\u00e1s, nuestros t\u00e9cnicos pueden ayudarte a reparar y mejorar cualquier aspecto de tu hogar. [&hellip;]<\/p>\n","protected":false},"author":1,"featured_media":0,"parent":0,"menu_order":0,"comment_status":"closed","ping_status":"closed","template":"","meta":{"footnotes":""},"class_list":["post-220","page","type-page","status-publish","hentry"],"_links":{"self":[{"href":"https:\/\/beesworking.company\/index.php\/wp-json\/wp\/v2\/pages\/220","targetHints":{"allow":["GET"]}}],"collection":[{"href":"https:\/\/beesworking.company\/index.php\/wp-json\/wp\/v2\/pages"}],"about":[{"href":"https:\/\/beesworking.company\/index.php\/wp-json\/wp\/v2\/types\/page"}],"author":[{"embeddable":true,"href":"https:\/\/beesworking.company\/index.php\/wp-json\/wp\/v2\/users\/1"}],"replies":[{"embeddable":true,"href":"https:\/\/beesworking.company\/index.php\/wp-json\/wp\/v2\/comments?post=220"}],"version-history":[{"count":4,"href":"https:\/\/beesworking.company\/index.php\/wp-json\/wp\/v2\/pages\/220\/revisions"}],"predecessor-version":[{"id":369,"href":"https:\/\/beesworking.company\/index.php\/wp-json\/wp\/v2\/pages\/220\/revisions\/369"}],"wp:attachment":[{"href":"https:\/\/beesworking.company\/index.php\/wp-json\/wp\/v2\/media?parent=220"}],"curies":[{"name":"wp","href":"https:\/\/api.w.org\/{rel}","templated":true}]}}