{"id":206,"date":"2023-05-29T19:07:59","date_gmt":"2023-05-29T19:07:59","guid":{"rendered":"https:\/\/beesworking.company\/?page_id=206"},"modified":"2023-05-31T18:41:56","modified_gmt":"2023-05-31T18:41:56","slug":"jardineria-3","status":"publish","type":"page","link":"https:\/\/beesworking.company\/index.php\/jardineria-3\/","title":{"rendered":"Jardiner\u00eda"},"content":{"rendered":"\n<div class=\"wp-block-media-text alignwide is-stacked-on-mobile\"><figure class=\"wp-block-media-text__media\"><img loading=\"lazy\" decoding=\"async\" width=\"683\" height=\"1024\" src=\"https:\/\/beesworking.company\/wp-content\/uploads\/2023\/05\/pexels-luke-webb-2752951-683x1024.jpg\" alt=\"\" class=\"wp-image-207 size-full\" srcset=\"https:\/\/beesworking.company\/wp-content\/uploads\/2023\/05\/pexels-luke-webb-2752951-683x1024.jpg 683w, https:\/\/beesworking.company\/wp-content\/uploads\/2023\/05\/pexels-luke-webb-2752951-200x300.jpg 200w, https:\/\/beesworking.company\/wp-content\/uploads\/2023\/05\/pexels-luke-webb-2752951-768x1152.jpg 768w, https:\/\/beesworking.company\/wp-content\/uploads\/2023\/05\/pexels-luke-webb-2752951-1024x1536.jpg 1024w, https:\/\/beesworking.company\/wp-content\/uploads\/2023\/05\/pexels-luke-webb-2752951-1170x1755.jpg 1170w, https:\/\/beesworking.company\/wp-content\/uploads\/2023\/05\/pexels-luke-webb-2752951.jpg 1280w\" sizes=\"auto, (max-width: 683px) 100vw, 683px\" \/><\/figure><div class=\"wp-block-media-text__content\">\n<p class=\"has-text-align-right\">Dale  vida a tu jard\u00edn y transformarlo en el espacio de desayunos en familia o lindas veladas <\/p>\n\n\n\n<p class=\"has-text-align-right\">\u00bfQuieres disfrutar de la belleza de la naturaleza en tu propio hogar? <\/p>\n\n\n\n<p class=\"has-text-align-right\">\u00a1Ac\u00e9rcate a nosotros! <\/p>\n\n\n\n<p class=\"has-text-align-right\">Nuestro experto equipo de jardiner\u00eda crear\u00e1 contigo el jard\u00edn de tus sue\u00f1os. <\/p>\n\n\n\n<p class=\"has-text-align-right\">Juntos podemos dise\u00f1ar un espacio verde que &nbsp;tienes en mente. <\/p>\n\n\n\n<p class=\"has-text-align-right\">Haz tu jard\u00edn florecer y se transf\u00f3rmalo en un lugar lleno de vida y color. <\/p>\n\n\n\n<p class=\"has-text-align-right\">Llama ahora mismo y comencemos a planear la remodelaci\u00f3n de tu jard\u00edn.<\/p>\n<\/div><\/div>\n\n\n\n<div class=\"wp-block-buttons is-content-justification-right is-layout-flex wp-container-core-buttons-is-layout-d445cf74 wp-block-buttons-is-layout-flex\">\n<div class=\"wp-block-button is-style-ona-button-arrow-icon\"><a class=\"wp-block-button__link wp-element-button\" href=\"https:\/\/beesworking.company\/\" style=\"border-radius:100px\">Home<\/a><\/div>\n<\/div>\n","protected":false},"excerpt":{"rendered":"<p>Dale vida a tu jard\u00edn y transformarlo en el espacio de desayunos en familia o lindas veladas \u00bfQuieres disfrutar de la belleza de la naturaleza en tu propio hogar? \u00a1Ac\u00e9rcate a nosotros! Nuestro experto equipo de jardiner\u00eda crear\u00e1 contigo el jard\u00edn de tus sue\u00f1os. Juntos podemos dise\u00f1ar un espacio verde que &nbsp;tienes en mente. Haz [&hellip;]<\/p>\n","protected":false},"author":1,"featured_media":0,"parent":0,"menu_order":0,"comment_status":"closed","ping_status":"closed","template":"","meta":{"footnotes":""},"class_list":["post-206","page","type-page","status-publish","hentry"],"_links":{"self":[{"href":"https:\/\/beesworking.company\/index.php\/wp-json\/wp\/v2\/pages\/206","targetHints":{"allow":["GET"]}}],"collection":[{"href":"https:\/\/beesworking.company\/index.php\/wp-json\/wp\/v2\/pages"}],"about":[{"href":"https:\/\/beesworking.company\/index.php\/wp-json\/wp\/v2\/types\/page"}],"author":[{"embeddable":true,"href":"https:\/\/beesworking.company\/index.php\/wp-json\/wp\/v2\/users\/1"}],"replies":[{"embeddable":true,"href":"https:\/\/beesworking.company\/index.php\/wp-json\/wp\/v2\/comments?post=206"}],"version-history":[{"count":4,"href":"https:\/\/beesworking.company\/index.php\/wp-json\/wp\/v2\/pages\/206\/revisions"}],"predecessor-version":[{"id":367,"href":"https:\/\/beesworking.company\/index.php\/wp-json\/wp\/v2\/pages\/206\/revisions\/367"}],"wp:attachment":[{"href":"https:\/\/beesworking.company\/index.php\/wp-json\/wp\/v2\/media?parent=206"}],"curies":[{"name":"wp","href":"https:\/\/api.w.org\/{rel}","templated":true}]}}