{"id":184,"date":"2023-05-29T18:20:35","date_gmt":"2023-05-29T18:20:35","guid":{"rendered":"https:\/\/beesworking.company\/?page_id=184"},"modified":"2023-05-31T18:47:57","modified_gmt":"2023-05-31T18:47:57","slug":"remodelaciones","status":"publish","type":"page","link":"https:\/\/beesworking.company\/index.php\/remodelaciones\/","title":{"rendered":"Remodelaciones"},"content":{"rendered":"\n<div class=\"wp-block-media-text alignwide is-stacked-on-mobile\"><figure class=\"wp-block-media-text__media\"><img loading=\"lazy\" decoding=\"async\" width=\"683\" height=\"1024\" src=\"https:\/\/beesworking.company\/wp-content\/uploads\/2023\/05\/pexels-ushindi-namegabe-15743387-683x1024.jpg\" alt=\"\" class=\"wp-image-190 size-full\" srcset=\"https:\/\/beesworking.company\/wp-content\/uploads\/2023\/05\/pexels-ushindi-namegabe-15743387-683x1024.jpg 683w, https:\/\/beesworking.company\/wp-content\/uploads\/2023\/05\/pexels-ushindi-namegabe-15743387-200x300.jpg 200w, https:\/\/beesworking.company\/wp-content\/uploads\/2023\/05\/pexels-ushindi-namegabe-15743387-768x1152.jpg 768w, https:\/\/beesworking.company\/wp-content\/uploads\/2023\/05\/pexels-ushindi-namegabe-15743387-1024x1536.jpg 1024w, https:\/\/beesworking.company\/wp-content\/uploads\/2023\/05\/pexels-ushindi-namegabe-15743387-1170x1755.jpg 1170w, https:\/\/beesworking.company\/wp-content\/uploads\/2023\/05\/pexels-ushindi-namegabe-15743387.jpg 1280w\" sizes=\"auto, (max-width: 683px) 100vw, 683px\" \/><\/figure><div class=\"wp-block-media-text__content\">\n<p class=\"has-text-align-right\">\u00bfEst\u00e1s buscando darle un nuevo aire a tu hogar? <\/p>\n\n\n\n<p class=\"has-text-align-right\">\u00bfQuieres transformar tu casa en el hogar de tus sue\u00f1os?<\/p>\n\n\n\n<p class=\"has-text-align-right\"> \u00a1Perm\u00edtenos ayudarte! <\/p>\n\n\n\n<p class=\"has-text-align-right\">En Bees Working es nuestro negocio!<\/p>\n\n\n\n<p class=\"has-text-align-right\">Te asesoramos para a hacer realidad tus ideas. <\/p>\n\n\n\n<p class=\"has-text-align-right\">Juntos podemos crear un espacio que refleje tu personalidad y estilo de vida. <\/p>\n\n\n\n<p class=\"has-text-align-right\">No hay nada m\u00e1s satisfactorio que ver c\u00f3mo tu hogar se transforma en el lugar que siempre has so\u00f1ado. <\/p>\n\n\n\n<p class=\"has-text-align-right\">Cont\u00e1ctanos hoy mismo y comencemos a planear la remodelaci\u00f3n de tu casa.<\/p>\n<\/div><\/div>\n\n\n\n<div class=\"wp-block-buttons is-content-justification-right is-layout-flex wp-container-core-buttons-is-layout-d445cf74 wp-block-buttons-is-layout-flex\">\n<div class=\"wp-block-button is-style-ona-button-arrow-icon\"><a class=\"wp-block-button__link wp-element-button\" href=\"https:\/\/beesworking.company\/\" style=\"border-radius:100px;padding-top:var(--wp--preset--spacing--30);padding-right:var(--wp--preset--spacing--30);padding-bottom:var(--wp--preset--spacing--30);padding-left:var(--wp--preset--spacing--30)\">Home<\/a><\/div>\n<\/div>\n","protected":false},"excerpt":{"rendered":"<p>\u00bfEst\u00e1s buscando darle un nuevo aire a tu hogar? \u00bfQuieres transformar tu casa en el hogar de tus sue\u00f1os? \u00a1Perm\u00edtenos ayudarte! En Bees Working es nuestro negocio! Te asesoramos para a hacer realidad tus ideas. Juntos podemos crear un espacio que refleje tu personalidad y estilo de vida. No hay nada m\u00e1s satisfactorio que ver [&hellip;]<\/p>\n","protected":false},"author":1,"featured_media":0,"parent":0,"menu_order":0,"comment_status":"closed","ping_status":"closed","template":"","meta":{"footnotes":""},"class_list":["post-184","page","type-page","status-publish","hentry"],"_links":{"self":[{"href":"https:\/\/beesworking.company\/index.php\/wp-json\/wp\/v2\/pages\/184","targetHints":{"allow":["GET"]}}],"collection":[{"href":"https:\/\/beesworking.company\/index.php\/wp-json\/wp\/v2\/pages"}],"about":[{"href":"https:\/\/beesworking.company\/index.php\/wp-json\/wp\/v2\/types\/page"}],"author":[{"embeddable":true,"href":"https:\/\/beesworking.company\/index.php\/wp-json\/wp\/v2\/users\/1"}],"replies":[{"embeddable":true,"href":"https:\/\/beesworking.company\/index.php\/wp-json\/wp\/v2\/comments?post=184"}],"version-history":[{"count":6,"href":"https:\/\/beesworking.company\/index.php\/wp-json\/wp\/v2\/pages\/184\/revisions"}],"predecessor-version":[{"id":371,"href":"https:\/\/beesworking.company\/index.php\/wp-json\/wp\/v2\/pages\/184\/revisions\/371"}],"wp:attachment":[{"href":"https:\/\/beesworking.company\/index.php\/wp-json\/wp\/v2\/media?parent=184"}],"curies":[{"name":"wp","href":"https:\/\/api.w.org\/{rel}","templated":true}]}}